{"id":3075,"date":"2025-08-21T15:44:55","date_gmt":"2025-08-21T13:44:55","guid":{"rendered":"http:\/\/jlmetest.local\/?page_id=3075"},"modified":"2026-04-13T11:30:00","modified_gmt":"2026-04-13T09:30:00","slug":"mentions-legales","status":"publish","type":"page","link":"https:\/\/www.jlmorizur.com\/en\/mentions-legales\/","title":{"rendered":"Legal Notice"},"content":{"rendered":"<div data-elementor-type=\"wp-post\" data-elementor-id=\"3075\" class=\"elementor elementor-3075\" data-elementor-post-type=\"page\">\n\t\t\t\t\t\t<section class=\"elementor-section elementor-top-section elementor-element elementor-element-765c8ab elementor-section-boxed elementor-section-height-default elementor-section-height-default\" data-id=\"765c8ab\" data-element_type=\"section\" data-e-type=\"section\" data-settings=\"{&quot;background_background&quot;:&quot;classic&quot;,&quot;animation&quot;:&quot;none&quot;}\">\n\t\t\t\t\t\t\t<div class=\"elementor-background-overlay\"><\/div>\n\t\t\t\t\t\t\t<div class=\"elementor-container elementor-column-gap-default\">\n\t\t\t\t\t<div class=\"elementor-column elementor-col-100 elementor-top-column elementor-element elementor-element-2c7bec4\" data-id=\"2c7bec4\" data-element_type=\"column\" data-e-type=\"column\">\n\t\t\t<div class=\"elementor-widget-wrap elementor-element-populated\">\n\t\t\t\t\t\t<div class=\"elementor-element elementor-element-d544621 animated-fast elementor-widget-divider--view-line elementor-widget elementor-widget-divider\" data-id=\"d544621\" data-element_type=\"widget\" data-e-type=\"widget\" data-settings=\"{&quot;_animation&quot;:&quot;none&quot;}\" data-widget_type=\"divider.default\">\n\t\t\t\t<div class=\"elementor-widget-container\">\n\t\t\t\t\t\t\t<div class=\"elementor-divider\">\n\t\t\t<span class=\"elementor-divider-separator\">\n\t\t\t\t\t\t<\/span>\n\t\t<\/div>\n\t\t\t\t\t\t<\/div>\n\t\t\t\t<\/div>\n\t\t\t\t<div class=\"elementor-element elementor-element-51e6bee animated-slow elementor-widget elementor-widget-heading\" data-id=\"51e6bee\" data-element_type=\"widget\" data-e-type=\"widget\" data-settings=\"{&quot;_animation&quot;:&quot;none&quot;}\" data-widget_type=\"heading.default\">\n\t\t\t\t<div class=\"elementor-widget-container\">\n\t\t\t\t\t<h2 class=\"elementor-heading-title elementor-size-default\">legal notices<\/h2>\t\t\t\t<\/div>\n\t\t\t\t<\/div>\n\t\t\t\t<div class=\"elementor-element elementor-element-111cb03 animated-fast elementor-widget-divider--view-line elementor-widget elementor-widget-divider\" data-id=\"111cb03\" data-element_type=\"widget\" data-e-type=\"widget\" data-settings=\"{&quot;_animation&quot;:&quot;none&quot;}\" data-widget_type=\"divider.default\">\n\t\t\t\t<div class=\"elementor-widget-container\">\n\t\t\t\t\t\t\t<div class=\"elementor-divider\">\n\t\t\t<span class=\"elementor-divider-separator\">\n\t\t\t\t\t\t<\/span>\n\t\t<\/div>\n\t\t\t\t\t\t<\/div>\n\t\t\t\t<\/div>\n\t\t\t\t\t<\/div>\n\t\t<\/div>\n\t\t\t\t\t<\/div>\n\t\t<\/section>\n\t\t\t\t<section class=\"elementor-section elementor-top-section elementor-element elementor-element-f949611 elementor-section-boxed elementor-section-height-default elementor-section-height-default\" data-id=\"f949611\" data-element_type=\"section\" data-e-type=\"section\" data-settings=\"{&quot;background_background&quot;:&quot;classic&quot;}\">\n\t\t\t\t\t\t<div class=\"elementor-container elementor-column-gap-default\">\n\t\t\t\t\t<div class=\"elementor-column elementor-col-100 elementor-top-column elementor-element elementor-element-76ceab2 bloc-telechargement\" data-id=\"76ceab2\" data-element_type=\"column\" data-e-type=\"column\" data-settings=\"{&quot;background_background&quot;:&quot;classic&quot;}\">\n\t\t\t<div class=\"elementor-widget-wrap elementor-element-populated\">\n\t\t\t\t\t\t<div class=\"elementor-element elementor-element-2327616 elementor-widget elementor-widget-heading\" data-id=\"2327616\" data-element_type=\"widget\" data-e-type=\"widget\" data-widget_type=\"heading.default\">\n\t\t\t\t<div class=\"elementor-widget-container\">\n\t\t\t\t\t<h2 class=\"elementor-heading-title elementor-size-default\">Disclaimer<\/h2>\t\t\t\t<\/div>\n\t\t\t\t<\/div>\n\t\t\t\t<div class=\"elementor-element elementor-element-4597c1d elementor-widget-divider--view-line elementor-widget elementor-widget-divider\" data-id=\"4597c1d\" data-element_type=\"widget\" data-e-type=\"widget\" data-widget_type=\"divider.default\">\n\t\t\t\t<div class=\"elementor-widget-container\">\n\t\t\t\t\t\t\t<div class=\"elementor-divider\">\n\t\t\t<span class=\"elementor-divider-separator\">\n\t\t\t\t\t\t<\/span>\n\t\t<\/div>\n\t\t\t\t\t\t<\/div>\n\t\t\t\t<\/div>\n\t\t\t\t<div class=\"elementor-element elementor-element-62aa166 elementor-widget elementor-widget-text-editor\" data-id=\"62aa166\" data-element_type=\"widget\" data-e-type=\"widget\" data-widget_type=\"text-editor.default\">\n\t\t\t\t<div class=\"elementor-widget-container\">\n\t\t\t\t\t\t\t\t\t<style><span data-mce-type=\"bookmark\" style=\"display: inline-block; width: 0px; overflow: hidden; line-height: 0;\" class=\"mce_SELRES_start\">\ufeff<\/span><br \/>\n  \/* Normalisation cross-navigateurs *\/<br \/>\n  * {<br \/>\n    -webkit-font-smoothing: antialiased;<br \/>\n    -moz-osx-font-smoothing: grayscale;<br \/>\n    text-rendering: optimizeLegibility;<br \/>\n    box-sizing: border-box;<br \/>\n  }<\/p>\n<p>  p {<br \/>\n    font-family: Arial, Helvetica, sans-serif; \/* fallback universel *\/<br \/>\n    color: #808080;<br \/>\n    text-align: left;<br \/>\n    line-height: 1.6;<br \/>\n    margin: 0 0 12px 0;<br \/>\n    font-size: 19px;<br \/>\n    word-break: break-word; \/* emp\u00eache les d\u00e9bordements *\/<br \/>\n  }<\/p>\n<p>  \/* Garantit une lisibilit\u00e9 parfaite sur tous les \u00e9crans *\/<br \/>\n  @media (max-width: 1024px) {<br \/>\n    p {<br \/>\n      font-size: 15px;<br \/>\n      line-height: 1.6;<br \/>\n    }<br \/>\n  }<\/p>\n<p>  @media (max-width: 600px) {<br \/>\n    p {<br \/>\n      font-size: 14px;<br \/>\n      line-height: 1.5;<br \/>\n    }<br \/>\n  }<\/p>\n<p>  \/* Orientation paysage \/ portrait *\/<br \/>\n  @media (orientation: landscape) {<br \/>\n    p {<br \/>\n      line-height: 1.5;<br \/>\n    }<br \/>\n  }<\/p>\n<p>  @media (orientation: portrait) {<br \/>\n    p {<br \/>\n      line-height: 1.6;<br \/>\n    }<br \/>\n  }<br \/>\n<\/style>\n\nwww.jlmorizur.com is a website published by JLMORIZUR Engineering. JLMORIZUR Engineering is a simplified joint-stock company (SASU) with a capital of \u20ac3,000, headquartered in Cr\u00e9teil (94022), 70 avenue du G\u00e9n\u00e9ral de Gaulle, registered with the Cr\u00e9teil Trade and Companies Register under number 842 130 163. Intra-Community VAT number: FR87 842 130 163\t\t\t\t\t\t\t\t<\/div>\n\t\t\t\t<\/div>\n\t\t\t\t<div class=\"elementor-element elementor-element-8b2f160 elementor-widget elementor-widget-heading\" data-id=\"8b2f160\" data-element_type=\"widget\" data-e-type=\"widget\" data-widget_type=\"heading.default\">\n\t\t\t\t<div class=\"elementor-widget-container\">\n\t\t\t\t\t<h2 class=\"elementor-heading-title elementor-size-default\">Intellectual property<\/h2>\t\t\t\t<\/div>\n\t\t\t\t<\/div>\n\t\t\t\t<div class=\"elementor-element elementor-element-3e640e7 elementor-widget-divider--view-line elementor-widget elementor-widget-divider\" data-id=\"3e640e7\" data-element_type=\"widget\" data-e-type=\"widget\" data-widget_type=\"divider.default\">\n\t\t\t\t<div class=\"elementor-widget-container\">\n\t\t\t\t\t\t\t<div class=\"elementor-divider\">\n\t\t\t<span class=\"elementor-divider-separator\">\n\t\t\t\t\t\t<\/span>\n\t\t<\/div>\n\t\t\t\t\t\t<\/div>\n\t\t\t\t<\/div>\n\t\t\t\t<div class=\"elementor-element elementor-element-0d2ffbc elementor-widget elementor-widget-text-editor\" data-id=\"0d2ffbc\" data-element_type=\"widget\" data-e-type=\"widget\" data-widget_type=\"text-editor.default\">\n\t\t\t\t<div class=\"elementor-widget-container\">\n\t\t\t\t\t\t\t\t\t<style><span data-mce-type=\"bookmark\" style=\"display: inline-block; width: 0px; overflow: hidden; line-height: 0;\" class=\"mce_SELRES_start\">\ufeff<\/span><br \/>\n  \/* Normalisation cross-navigateurs *\/<br \/>\n  * {<br \/>\n    -webkit-font-smoothing: antialiased;<br \/>\n    -moz-osx-font-smoothing: grayscale;<br \/>\n    text-rendering: optimizeLegibility;<br \/>\n    box-sizing: border-box;<br \/>\n  }<\/p>\n<p>  p {<br \/>\n    font-family: Arial, Helvetica, sans-serif; \/* police universelle *\/<br \/>\n    color: #808080;<br \/>\n    text-align: left;<br \/>\n    line-height: 1.6;<br \/>\n    margin: 0 0 12px 0;<br \/>\n    font-size: 19px;<br \/>\n    word-break: break-word; \/* \u00e9vite les d\u00e9bordements *\/<br \/>\n  }<\/p>\n<p>  \/* Tablettes *\/<br \/>\n  @media (max-width: 1024px) {<br \/>\n    p {<br \/>\n      font-size: 15px;<br \/>\n      line-height: 1.6;<br \/>\n    }<br \/>\n  }<\/p>\n<p>  \/* T\u00e9l\u00e9phones *\/<br \/>\n  @media (max-width: 600px) {<br \/>\n    p {<br \/>\n      font-size: 14px;<br \/>\n      line-height: 1.5;<br \/>\n    }<br \/>\n  }<\/p>\n<p>  \/* Orientation paysage \/ portrait *\/<br \/>\n  @media (orientation: landscape) {<br \/>\n    p {<br \/>\n      line-height: 1.5;<br \/>\n    }<br \/>\n  }<\/p>\n<p>  @media (orientation: portrait) {<br \/>\n    p {<br \/>\n      line-height: 1.6;<br \/>\n    }<br \/>\n  }<br \/>\n<\/style>\n\nThis entire website is governed by French and international copyright and intellectual property laws. All rights of reproduction are reserved, including iconographic and photographic representations. The reproduction, adaptation, and\/or translation of all or part of this website on any medium whatsoever is strictly prohibited without the express authorization of the Director of Publication, Mr. Jean-Luc Morizur.\t\t\t\t\t\t\t\t<\/div>\n\t\t\t\t<\/div>\n\t\t\t\t<div class=\"elementor-element elementor-element-0233ec1 elementor-widget elementor-widget-heading\" data-id=\"0233ec1\" data-element_type=\"widget\" data-e-type=\"widget\" data-widget_type=\"heading.default\">\n\t\t\t\t<div class=\"elementor-widget-container\">\n\t\t\t\t\t<h2 class=\"elementor-heading-title elementor-size-default\">Hoster<\/h2>\t\t\t\t<\/div>\n\t\t\t\t<\/div>\n\t\t\t\t<div class=\"elementor-element elementor-element-4b39b53 elementor-widget-divider--view-line elementor-widget elementor-widget-divider\" data-id=\"4b39b53\" data-element_type=\"widget\" data-e-type=\"widget\" data-widget_type=\"divider.default\">\n\t\t\t\t<div class=\"elementor-widget-container\">\n\t\t\t\t\t\t\t<div class=\"elementor-divider\">\n\t\t\t<span class=\"elementor-divider-separator\">\n\t\t\t\t\t\t<\/span>\n\t\t<\/div>\n\t\t\t\t\t\t<\/div>\n\t\t\t\t<\/div>\n\t\t\t\t<div class=\"elementor-element elementor-element-c6108f0 elementor-widget elementor-widget-text-editor\" data-id=\"c6108f0\" data-element_type=\"widget\" data-e-type=\"widget\" data-widget_type=\"text-editor.default\">\n\t\t\t\t<div class=\"elementor-widget-container\">\n\t\t\t\t\t\t\t\t\t<style>\n.bloc-telechargement p{\n  font-family: Arial, Helvetica, sans-serif;\n  color: #808080;\n  font-size: 22px !important; \/* \u2190 cl\u00e9 du probl\u00e8me *\/\n  line-height: 1.6;\n  margin: 0 0 20px 0;\n}\n<\/style>\n\n<div class=\"bloc-telechargement\">\n  <p>The website www.jlmorizur.com is hosted by the company OVH.<\/p>\n  <p>\n    2 Kellermann Street<br>\n    59100 Roubaix<br>\n    France\n  <\/p>\n<\/div>\n\t\t\t\t\t\t\t\t<\/div>\n\t\t\t\t<\/div>\n\t\t\t\t\t<\/div>\n\t\t<\/div>\n\t\t\t\t\t<\/div>\n\t\t<\/section>\n\t\t\t\t<\/div>","protected":false},"excerpt":{"rendered":"<p>Legal Notice The website www.jlmorizur.com is published by JLMORIZUR Engineering. JLMORIZUR Engineering is a simplified joint-stock company (SASU) with a capital of 3,000 euros, headquartered in Cr\u00e9teil (94022), 70 avenue du G\u00e9n\u00e9ral de Gaulle, registered with the Cr\u00e9teil Trade and Companies Register under number 842 130 163.&nbsp;<a href=\"https:\/\/www.jlmorizur.com\/en\/mentions-legales\/\" class=\"\" rel=\"bookmark\">Read More \u00bb<span class=\"screen-reader-text\">Legal Notice<\/span><\/a><\/p>","protected":false},"author":1,"featured_media":0,"parent":0,"menu_order":7,"comment_status":"closed","ping_status":"closed","template":"page-templates\/template-pagebuilder-full-width.php","meta":{"neve_meta_sidebar":"","neve_meta_container":"","neve_meta_enable_content_width":"","neve_meta_content_width":70,"neve_meta_title_alignment":"","neve_meta_author_avatar":"","neve_post_elements_order":"","neve_meta_disable_header":"","neve_meta_disable_footer":"","neve_meta_disable_title":"","footnotes":""},"class_list":["post-3075","page","type-page","status-publish","hentry"],"yoast_head":"<!-- This site is optimized with the Yoast SEO plugin v27.0 - https:\/\/yoast.com\/product\/yoast-seo-wordpress\/ -->\n<title>Mentions l\u00e9gales - JLME (JLMORIZUR Engineering)<\/title>\n<meta name=\"description\" content=\"JLME (JLMORIZUR Engineering) - Mentions l\u00e9gales\" \/>\n<meta name=\"robots\" content=\"index, follow, max-snippet:-1, max-image-preview:large, max-video-preview:-1\" \/>\n<link rel=\"canonical\" href=\"https:\/\/www.jlmorizur.com\/en\/mentions-legales\/\" \/>\n<meta property=\"og:locale\" content=\"en_GB\" \/>\n<meta property=\"og:type\" content=\"article\" \/>\n<meta property=\"og:title\" content=\"Mentions l\u00e9gales - JLME (JLMORIZUR Engineering)\" \/>\n<meta property=\"og:description\" content=\"JLME (JLMORIZUR Engineering) - Mentions l\u00e9gales\" \/>\n<meta property=\"og:url\" content=\"https:\/\/www.jlmorizur.com\/en\/mentions-legales\/\" \/>\n<meta property=\"og:site_name\" content=\"JLME (JLMORIZUR Engineering)\" \/>\n<meta property=\"article:modified_time\" content=\"2026-04-13T09:30:00+00:00\" \/>\n<meta property=\"og:image\" content=\"https:\/\/www.jlmorizur.com\/wp-content\/uploads\/2021\/01\/BouleZeta_BleuJLME256.png\" \/>\n\t<meta property=\"og:image:width\" content=\"256\" \/>\n\t<meta property=\"og:image:height\" content=\"256\" \/>\n\t<meta property=\"og:image:type\" content=\"image\/png\" \/>\n<meta name=\"twitter:card\" content=\"summary_large_image\" \/>\n<meta name=\"twitter:site\" content=\"@JLME238843\" \/>\n<meta name=\"twitter:label1\" content=\"Estimated reading time\" \/>\n\t<meta name=\"twitter:data1\" content=\"1 minute\" \/>\n<script type=\"application\/ld+json\" class=\"yoast-schema-graph\">{\"@context\":\"https:\/\/schema.org\",\"@graph\":[{\"@type\":\"WebPage\",\"@id\":\"https:\/\/www.jlmorizur.com\/mentions-legales\/\",\"url\":\"https:\/\/www.jlmorizur.com\/mentions-legales\/\",\"name\":\"Mentions l\u00e9gales - JLME (JLMORIZUR Engineering)\",\"isPartOf\":{\"@id\":\"https:\/\/www.jlmorizur.com\/#website\"},\"datePublished\":\"2025-08-21T13:44:55+00:00\",\"dateModified\":\"2026-04-13T09:30:00+00:00\",\"description\":\"JLME (JLMORIZUR Engineering) - Mentions l\u00e9gales\",\"breadcrumb\":{\"@id\":\"https:\/\/www.jlmorizur.com\/mentions-legales\/#breadcrumb\"},\"inLanguage\":\"en-GB\",\"potentialAction\":[{\"@type\":\"ReadAction\",\"target\":[\"https:\/\/www.jlmorizur.com\/mentions-legales\/\"]}]},{\"@type\":\"BreadcrumbList\",\"@id\":\"https:\/\/www.jlmorizur.com\/mentions-legales\/#breadcrumb\",\"itemListElement\":[{\"@type\":\"ListItem\",\"position\":1,\"name\":\"Accueil\",\"item\":\"https:\/\/www.jlmorizur.com\/\"},{\"@type\":\"ListItem\",\"position\":2,\"name\":\"Mentions l\u00e9gales\"}]},{\"@type\":\"WebSite\",\"@id\":\"https:\/\/www.jlmorizur.com\/#website\",\"url\":\"https:\/\/www.jlmorizur.com\/\",\"name\":\"JLME (JLMORIZUR Engineering)\",\"description\":\"INTELLIGENT NETWORK FOR INNOVATION\",\"publisher\":{\"@id\":\"https:\/\/www.jlmorizur.com\/#organization\"},\"inLanguage\":\"en-GB\"},{\"@type\":\"Organization\",\"@id\":\"https:\/\/www.jlmorizur.com\/#organization\",\"name\":\"JLMORIZUR Engineering\",\"url\":\"https:\/\/www.jlmorizur.com\/\",\"logo\":{\"@type\":\"ImageObject\",\"inLanguage\":\"en-GB\",\"@id\":\"https:\/\/www.jlmorizur.com\/#\/schema\/logo\/image\/\",\"url\":\"https:\/\/www.jlmorizur.com\/wp-content\/uploads\/2021\/01\/BouleZeta_BleuJLME256.png\",\"contentUrl\":\"https:\/\/www.jlmorizur.com\/wp-content\/uploads\/2021\/01\/BouleZeta_BleuJLME256.png\",\"width\":256,\"height\":256,\"caption\":\"JLMORIZUR Engineering\"},\"image\":{\"@id\":\"https:\/\/www.jlmorizur.com\/#\/schema\/logo\/image\/\"},\"sameAs\":[\"https:\/\/x.com\/JLME238843\",\"https:\/\/www.linkedin.com\/company\/jlmorizur-engineering\/\",\"https:\/\/bsky.app\/profile\/jlmengineering.bsky.social\"]}]}<\/script>\n<!-- \/ Yoast SEO plugin. -->","yoast_head_json":{"title":"Legal notice - JLME (JLMORIZUR Engineering)","description":"JLME (JLMORIZUR Engineering) - Legal Notice","robots":{"index":"index","follow":"follow","max-snippet":"max-snippet:-1","max-image-preview":"max-image-preview:large","max-video-preview":"max-video-preview:-1"},"canonical":"https:\/\/www.jlmorizur.com\/en\/mentions-legales\/","og_locale":"en_GB","og_type":"article","og_title":"Mentions l\u00e9gales - JLME (JLMORIZUR Engineering)","og_description":"JLME (JLMORIZUR Engineering) - Mentions l\u00e9gales","og_url":"https:\/\/www.jlmorizur.com\/en\/mentions-legales\/","og_site_name":"JLME (JLMORIZUR Engineering)","article_modified_time":"2026-04-13T09:30:00+00:00","og_image":[{"width":256,"height":256,"url":"https:\/\/www.jlmorizur.com\/wp-content\/uploads\/2021\/01\/BouleZeta_BleuJLME256.png","type":"image\/png"}],"twitter_card":"summary_large_image","twitter_site":"@JLME238843","twitter_misc":{"Estimated reading time":"1 minute"},"schema":{"@context":"https:\/\/schema.org","@graph":[{"@type":"WebPage","@id":"https:\/\/www.jlmorizur.com\/mentions-legales\/","url":"https:\/\/www.jlmorizur.com\/mentions-legales\/","name":"Legal notice - JLME (JLMORIZUR Engineering)","isPartOf":{"@id":"https:\/\/www.jlmorizur.com\/#website"},"datePublished":"2025-08-21T13:44:55+00:00","dateModified":"2026-04-13T09:30:00+00:00","description":"JLME (JLMORIZUR Engineering) - Legal Notice","breadcrumb":{"@id":"https:\/\/www.jlmorizur.com\/mentions-legales\/#breadcrumb"},"inLanguage":"en-GB","potentialAction":[{"@type":"ReadAction","target":["https:\/\/www.jlmorizur.com\/mentions-legales\/"]}]},{"@type":"BreadcrumbList","@id":"https:\/\/www.jlmorizur.com\/mentions-legales\/#breadcrumb","itemListElement":[{"@type":"ListItem","position":1,"name":"Accueil","item":"https:\/\/www.jlmorizur.com\/"},{"@type":"ListItem","position":2,"name":"Mentions l\u00e9gales"}]},{"@type":"WebSite","@id":"https:\/\/www.jlmorizur.com\/#website","url":"https:\/\/www.jlmorizur.com\/","name":"JLME (JLMORIZUR Engineering)","description":"INTELLIGENT NETWORK FOR INNOVATION","publisher":{"@id":"https:\/\/www.jlmorizur.com\/#organization"},"inLanguage":"en-GB"},{"@type":"Organization","@id":"https:\/\/www.jlmorizur.com\/#organization","name":"JLMORIZUR Engineering","url":"https:\/\/www.jlmorizur.com\/","logo":{"@type":"ImageObject","inLanguage":"en-GB","@id":"https:\/\/www.jlmorizur.com\/#\/schema\/logo\/image\/","url":"https:\/\/www.jlmorizur.com\/wp-content\/uploads\/2021\/01\/BouleZeta_BleuJLME256.png","contentUrl":"https:\/\/www.jlmorizur.com\/wp-content\/uploads\/2021\/01\/BouleZeta_BleuJLME256.png","width":256,"height":256,"caption":"JLMORIZUR Engineering"},"image":{"@id":"https:\/\/www.jlmorizur.com\/#\/schema\/logo\/image\/"},"sameAs":["https:\/\/x.com\/JLME238843","https:\/\/www.linkedin.com\/company\/jlmorizur-engineering\/","https:\/\/bsky.app\/profile\/jlmengineering.bsky.social"]}]}},"_links":{"self":[{"href":"https:\/\/www.jlmorizur.com\/en\/wp-json\/wp\/v2\/pages\/3075","targetHints":{"allow":["GET"]}}],"collection":[{"href":"https:\/\/www.jlmorizur.com\/en\/wp-json\/wp\/v2\/pages"}],"about":[{"href":"https:\/\/www.jlmorizur.com\/en\/wp-json\/wp\/v2\/types\/page"}],"author":[{"embeddable":true,"href":"https:\/\/www.jlmorizur.com\/en\/wp-json\/wp\/v2\/users\/1"}],"replies":[{"embeddable":true,"href":"https:\/\/www.jlmorizur.com\/en\/wp-json\/wp\/v2\/comments?post=3075"}],"version-history":[{"count":0,"href":"https:\/\/www.jlmorizur.com\/en\/wp-json\/wp\/v2\/pages\/3075\/revisions"}],"wp:attachment":[{"href":"https:\/\/www.jlmorizur.com\/en\/wp-json\/wp\/v2\/media?parent=3075"}],"curies":[{"name":"wp","href":"https:\/\/api.w.org\/{rel}","templated":true}]}}